{"id":100,"date":"2019-10-24T15:35:38","date_gmt":"2019-10-24T12:35:38","guid":{"rendered":"https:\/\/www.hilalun.com.tr\/?page_id=100"},"modified":"2020-01-16T12:55:04","modified_gmt":"2020-01-16T09:55:04","slug":"hakkimizda","status":"publish","type":"page","link":"https:\/\/www.hilalun.com.tr\/index.php\/hakkimizda\/","title":{"rendered":"Hakk\u0131m\u0131zda"},"content":{"rendered":"\r\n<figure class=\"wp-block-image\"><img loading=\"lazy\" class=\"alignnone size-full wp-image-314\" src=\"https:\/\/www.hilalun.com.tr\/wp-content\/uploads\/2020\/01\/hilalun_logo-3.png\" alt=\"\" width=\"170\" height=\"50\" \/><\/figure>\r\n\r\n\r\n\r\n<div class=\"wp-block-safirtema-mainheading mainHeading\">\r\n<div class=\"icon icon9\">\u00a0<\/div>\r\n<\/div>\r\n<p>HAKKIZIMDA<\/p>\r\n<p>&nbsp;<\/p>\r\n<p>Y\u0131llard\u0131r kalite ve mutlak m\u00fc\u015fteri memnuniyeti ilkesi ile\u00a0 T\u00fcrkiye genelinde boy g\u00f6steren Hilal Un s\u00fcrekli yeniledi\u011fi \u00fcr\u00fcn a\u011f\u0131nda, fonksiyonelli\u011fi \u00f6n planda tutarak\u00a0 sekt\u00f6rde \u00f6nemli bir yer edindi.Un \u00fcretimi,sat\u0131\u015f\u0131 alan\u0131nda kendini kan\u0131tlayan Hilal Un ,Kayseri ve t\u00fcm T\u00fcrkiye&#8217;de\u00a0 hizmetlerine devam etmektedir.M\u00fc\u015fteri her zaman hakl\u0131d\u0131r prensibi ile yola \u00e7\u0131kan Hilal Un ,bu ilkesini ilk g\u00fcn gibi halen korumaktad\u0131r.<\/p>\r\n<p>Ara\u015ft\u0131rma &#8211; geli\u015ftirme faaliyetlerimizle t\u00fcketicilerimizin farkl\u0131 ya\u015fam bi\u00e7imlerine ve kullan\u0131m al\u0131\u015fkanl\u0131klar\u0131na uygun, d\u00fcnya standartlar\u0131nda, insan ve \u00e7evre dostu \u00fcr\u00fcnler olu\u015fturmak Hilal Un &#8216;n\u0130n ba\u015fl\u0131ca hizmetlerindendir.<\/p>\r\n<p>T\u00fcrkiye&#8217;nin ve D\u00fcnya&#8217;n\u0131n ileri gelen un \u00fcretimi firmas\u0131 olmay\u0131 hedefleyen Hilal Un hizmetlerini m\u00fc\u015fterilerine her ge\u00e7en g\u00fcn daha da iyi sunmay\u0131 planlamaktad\u0131r.Hilal Un ,kurumsal ve vizyon sahibi \u00e7izgisinden hi\u00e7bir zaman vazge\u00e7memi\u015ftir.<\/p>\r\n<p>Hilal Un teknolojik geli\u015fmeleri takip ederek \u00fcr\u00fcn kalitesinde \u00e7\u0131tay\u0131 s\u00fcrekli y\u00fckselterek T\u00fcrkiye ve d\u00fcnya\u00a0 genelinde en iyi yerlere ula\u015fmay\u0131 hedeflemektedir.<\/p>\r\n<p>Hilal Un Dinamik, verimli, tecr\u00fcbeli, esnek, \u00f6\u011frenebilen yap\u0131ya sahip, y\u00fcksek de\u011fer yaratan, yenilikleri takip eden, bu yenilikleri hem firma menfaatine hem de m\u00fc\u015fteri memnuniyet ve menfaatine uygun \u015fekilde uygulamay\u0131 ama\u00e7 edinmi\u015f, m\u00fc\u015fteri memnuniyetini ilke edinmek, bulunmu\u015f oldu\u011fu piyasada marka de\u011feri olu\u015fturmak.<\/p>\r\n<p>Bunun i\u00e7in de m\u00fc\u015fterilerine sorunsuz \u00fcr\u00fcn ve sorunsuz garanti sa\u011flamak. \u00dcr\u00fcn sat\u0131\u015f\u0131yla birlikte t\u00fcketicinin konu ile ilgili t\u00fcm ihtiya\u00e7lar\u0131n\u0131 kar\u015f\u0131lamak. Temiz \u00fcr\u00fcn sa\u011flamak. Temiz hizmet vermek.<\/p>\r\n<p><br \/>\u0130\u015fletmenin vizyonu m\u00fc\u015fterilerimizin geli\u015fen ihtiya\u00e7 ve gereksinimlerine uygun olarak beklentilerini kar\u015f\u0131lamak, kaliteli hizmet anlay\u0131\u015f\u0131 ile deneyim ve g\u00fcvenilirli\u011fimizi istikrarl\u0131 ve s\u00fcrekli k\u0131lmak, kaliteli, pazarlama ve sat\u0131\u015f faaliyetlerinde bulunmak, her ge\u00e7en g\u00fcn h\u0131zla b\u00fcy\u00fcyen ve geli\u015fen sekt\u00f6r\u00fcn ihtiyac\u0131 konusunda tercih edilen ve en iyi hizmet sa\u011flayan firma olmak, T\u00fcm \u00e7al\u0131\u015fan personeli ile seviyeli, \u00fclke milli de\u011ferlerine ba\u011fl\u0131, d\u00fcr\u00fcstl\u00fc\u011f\u00fc ve hizmet anlay\u0131\u015f\u0131n\u0131 t\u00fcm birimlerinde benimsemi\u015f bir kurum olmakt\u0131r.<\/p>\r\n\r\n\r\n\r\n","protected":false},"excerpt":{"rendered":"","protected":false},"author":1,"featured_media":0,"parent":0,"menu_order":0,"comment_status":"closed","ping_status":"closed","template":"","meta":[],"_links":{"self":[{"href":"https:\/\/www.hilalun.com.tr\/index.php\/wp-json\/wp\/v2\/pages\/100"}],"collection":[{"href":"https:\/\/www.hilalun.com.tr\/index.php\/wp-json\/wp\/v2\/pages"}],"about":[{"href":"https:\/\/www.hilalun.com.tr\/index.php\/wp-json\/wp\/v2\/types\/page"}],"author":[{"embeddable":true,"href":"https:\/\/www.hilalun.com.tr\/index.php\/wp-json\/wp\/v2\/users\/1"}],"replies":[{"embeddable":true,"href":"https:\/\/www.hilalun.com.tr\/index.php\/wp-json\/wp\/v2\/comments?post=100"}],"version-history":[{"count":9,"href":"https:\/\/www.hilalun.com.tr\/index.php\/wp-json\/wp\/v2\/pages\/100\/revisions"}],"predecessor-version":[{"id":393,"href":"https:\/\/www.hilalun.com.tr\/index.php\/wp-json\/wp\/v2\/pages\/100\/revisions\/393"}],"wp:attachment":[{"href":"https:\/\/www.hilalun.com.tr\/index.php\/wp-json\/wp\/v2\/media?parent=100"}],"curies":[{"name":"wp","href":"https:\/\/api.w.org\/{rel}","templated":true}]}}