{"id":25,"date":"2019-10-24T10:11:40","date_gmt":"2019-10-24T07:11:40","guid":{"rendered":"https:\/\/www.hilalun.com.tr\/?page_id=25"},"modified":"2020-01-09T17:43:31","modified_gmt":"2020-01-09T14:43:31","slug":"sikca-sorulan-sorular","status":"publish","type":"page","link":"https:\/\/www.hilalun.com.tr\/index.php\/sikca-sorulan-sorular\/","title":{"rendered":"S\u0131k\u00e7a Sorulan Sorular"},"content":{"rendered":"\r\n<p>Bu sayfada <strong>HilalUn Soru Cevap <\/strong>\u00a0butonu kullan\u0131larak h\u0131zl\u0131 bilgiye ula\u015fabilirsiniz.<\/p>\r\n\r\n\r\n\r\n<div class=\"wp-block-safirtema-sorucevap safir-faq\">\r\n<p class=\"answer\">\u00a0<\/p>\r\n<\/div>\r\n<div class=\"wp-block-safirtema-sorucevap safir-faq\">\r\n<div class=\"question\"><span class=\"text\">Hilal un hakk\u0131nda bilgi verebilir misiniz ?<\/span>\r\n<div class=\"openclose\">\u00a0<\/div>\r\n<\/div>\r\n<p class=\"answer\">Y\u0131llard\u0131r kalite ve mutlak m\u00fc\u015fteri memnuniyeti ilkesi ile\u00a0 T\u00fcrkiye genelinde boy g\u00f6steren Hilal Un s\u00fcrekli yeniledi\u011fi \u00fcr\u00fcn a\u011f\u0131nda, fonksiyonelli\u011fi \u00f6n planda tutarak\u00a0 sekt\u00f6rde \u00f6nemli bir yer edindi.Un \u00fcretimi,sat\u0131\u015f\u0131 alan\u0131nda kendini kan\u0131tlayan Hilal Un ,Kayseri ve t\u00fcm T\u00fcrkiye\u2019de\u00a0 hizmetlerine devam etmektedir.M\u00fc\u015fteri her zaman hakl\u0131d\u0131r prensibi ile yola \u00e7\u0131kan Hilal Un ,bu ilkesini ilk g\u00fcn gibi halen korumaktad\u0131r.<\/p>\r\n<div class=\"question\"><span class=\"text\">Hilal un faaliyet alanlar\u0131 nelerdir ?<\/span>\r\n<div class=\"openclose\">\u00a0<\/div>\r\n<\/div>\r\n<p class=\"answer\">\u00d6zel ama\u00e7l\u0131 un , Ekmek unu.<\/p>\r\n<\/div>\r\n","protected":false},"excerpt":{"rendered":"<p>Bu sayfada HilalUn Soru Cevap \u00a0butonu kullan\u0131larak h\u0131zl\u0131 bilgiye ula\u015fabilirsiniz.<\/p>\n","protected":false},"author":1,"featured_media":0,"parent":0,"menu_order":0,"comment_status":"closed","ping_status":"closed","template":"","meta":[],"_links":{"self":[{"href":"https:\/\/www.hilalun.com.tr\/index.php\/wp-json\/wp\/v2\/pages\/25"}],"collection":[{"href":"https:\/\/www.hilalun.com.tr\/index.php\/wp-json\/wp\/v2\/pages"}],"about":[{"href":"https:\/\/www.hilalun.com.tr\/index.php\/wp-json\/wp\/v2\/types\/page"}],"author":[{"embeddable":true,"href":"https:\/\/www.hilalun.com.tr\/index.php\/wp-json\/wp\/v2\/users\/1"}],"replies":[{"embeddable":true,"href":"https:\/\/www.hilalun.com.tr\/index.php\/wp-json\/wp\/v2\/comments?post=25"}],"version-history":[{"count":16,"href":"https:\/\/www.hilalun.com.tr\/index.php\/wp-json\/wp\/v2\/pages\/25\/revisions"}],"predecessor-version":[{"id":350,"href":"https:\/\/www.hilalun.com.tr\/index.php\/wp-json\/wp\/v2\/pages\/25\/revisions\/350"}],"wp:attachment":[{"href":"https:\/\/www.hilalun.com.tr\/index.php\/wp-json\/wp\/v2\/media?parent=25"}],"curies":[{"name":"wp","href":"https:\/\/api.w.org\/{rel}","templated":true}]}}