{"id":319,"date":"2020-01-09T12:13:41","date_gmt":"2020-01-09T09:13:41","guid":{"rendered":"https:\/\/www.hilalun.com.tr\/?page_id=319"},"modified":"2020-01-09T12:13:41","modified_gmt":"2020-01-09T09:13:41","slug":"cerez-politikasi","status":"publish","type":"page","link":"https:\/\/www.hilalun.com.tr\/index.php\/cerez-politikasi\/","title":{"rendered":"\u00c7erez Politikas\u0131"},"content":{"rendered":"<p>www.hilalun.com.tr den (\u201cSite\u201d) en verimli \u015fekilde faydalanabilmeniz ve kullan\u0131c\u0131 deneyiminizi geli\u015ftirebilmek i\u00e7in \u00c7erezleri (Cookie) kullan\u0131yoruz. \u00c7erezlerin kullan\u0131lmas\u0131n\u0131 tercih etmezseniz taray\u0131c\u0131n\u0131z\u0131n ayarlar\u0131ndan \u00c7erezleri silebilir ya da engelleyebilirsiniz. <strong>Ancak bunun Site\u2019yi kullan\u0131m\u0131n\u0131z\u0131 etkileyebilece\u011fini hat\u0131rlatmak isteriz<\/strong>. Taray\u0131c\u0131n\u0131zdan \u00c7erez ayarlar\u0131n\u0131z\u0131 de\u011fi\u015ftirmedi\u011finiz s\u00fcrece bu sitede \u00c7erez kullan\u0131m\u0131n\u0131 kabul etti\u011finizi varsayaca\u011f\u0131z.<\/p>\n<h4>\u00c7erez Nedir ve Neden Kullan\u0131lmaktad\u0131r?<\/h4>\n<p>\u00c7erezler, ziyaret etti\u011finiz internet siteleri taraf\u0131ndan taray\u0131c\u0131lar arac\u0131l\u0131\u011f\u0131yla cihaz\u0131n\u0131za veya a\u011f sunucusuna depolanan k\u00fc\u00e7\u00fck metin dosyalar\u0131d\u0131r.<br \/>\n\u00c7erezler konusunda daha detayl\u0131 bilgi i\u00e7in:\u00a0<a href=\"http:\/\/www.aboutcookies.org\/\">http:\/\/www.aboutcookies.org<\/a>\u00a0adresini ziyaret edebilirisiniz.<br \/>\n\u0130nternet Sitemizde \u00e7erez kullan\u0131lmas\u0131n\u0131n ba\u015fl\u0131ca ama\u00e7lar\u0131 a\u015fa\u011f\u0131da s\u0131ralanmaktad\u0131r:<\/p>\n<ol>\n<li>Sitenin i\u015flevselli\u011fini ve performans\u0131n\u0131 artt\u0131rmak ve sizlere sunulan hizmetleri geli\u015ftirmek,<\/li>\n<li>Siteyi iyile\u015ftirmek ve site \u00fczerinden yeni \u00f6zellikler sunmak ve sunulan \u00f6zellikleri sizlerin tercihlerine g\u00f6re ki\u015fiselle\u015ftirmek,<\/li>\n<li>Sitenin, sizin ve \u015firketimizin hukuki ve ticari g\u00fcvenli\u011finin teminini sa\u011flamak.<\/li>\n<\/ol>\n<h4>Kal\u0131c\u0131l\u0131k S\u00fcresine G\u00f6re \u00c7erez T\u00fcrleri<\/h4>\n<p>(A\u015fa\u011f\u0131daki t\u00fcrdeki \u00e7erezler Site\u2019de kullan\u0131lmaktad\u0131r)<\/p>\n<ul>\n<li><strong>Oturum \u00c7erezleri\u00a0(Session Cookies):<\/strong>\u00a0Oturum \u00e7erezleri ziyaret\u00e7ilerimizin Site\u2019yi ziyaretleri s\u00fcresince kullan\u0131lan, taray\u0131c\u0131 kapat\u0131ld\u0131ktan sonra silinen ge\u00e7ici \u00e7erezlerdir.\u00a0Bu t\u00fcr \u00e7erezlerin kullan\u0131lmas\u0131n\u0131n temel amac\u0131 ziyaretiniz s\u00fcresince Site\u2019nin d\u00fczg\u00fcn bir bi\u00e7imde \u00e7al\u0131\u015fmas\u0131n\u0131n teminini sa\u011flamakt\u0131r.\u00a0\u00d6rne\u011fin; birden fazla sayfadan olu\u015fan \u00e7evrimi\u00e7i formlar\u0131 doldurman\u0131z sa\u011flanmaktad\u0131r.<\/li>\n<li><strong>Kal\u0131c\u0131 \u00c7erezler\u00a0(Persistent Cookies):\u00a0<\/strong>Kal\u0131c\u0131 \u00e7erezler Site\u2019nin i\u015flevselli\u011fini art\u0131rmak, ziyaret\u00e7ilerimize daha h\u0131zl\u0131 ve iyi bir hizmet sunmak amac\u0131yla kullan\u0131lan \u00e7erez t\u00fcrleridir.\u00a0Bu t\u00fcr \u00e7erezler tercihlerinizi hat\u0131rlamak i\u00e7in kullan\u0131l\u0131r ve taray\u0131c\u0131lar vas\u0131tas\u0131yla cihaz\u0131n\u0131zda depolan\u0131r.\u00a0Kal\u0131c\u0131 \u00e7erezlerin baz\u0131 t\u00fcrleri; Site\u2019yi kullan\u0131m amac\u0131n\u0131z gibi hususlar g\u00f6z \u00f6n\u00fcnde bulundurarak sizlere \u00f6zel \u00f6neriler sunulmas\u0131 i\u00e7in kullan\u0131labilmektedir.\u00a0Kal\u0131c\u0131 \u00e7erezler sayesinde Site\u2019yi ayn\u0131 cihazla tekrardan ziyaret etmeniz durumunda, cihaz\u0131n\u0131zda Site taraf\u0131ndan olu\u015fturulmu\u015f bir \u00e7erez olup olmad\u0131\u011f\u0131 kontrol\u00a0edilir ve var ise, sizin Site\u2019yi daha \u00f6nce ziyaret etti\u011finiz anla\u015f\u0131l\u0131r ve size iletilecek i\u00e7erik bu do\u011frultuda belirlenir ve b\u00f6ylelikle sizlere daha iyi bir hizmet sunulur.<\/li>\n<\/ul>\n<h4>Kullan\u0131m Amac\u0131na G\u00f6re \u00c7erez T\u00fcrleri<\/h4>\n<p>(A\u015fa\u011f\u0131daki t\u00fcrdeki \u00e7erezler Site\u2019de kullan\u0131lmaktad\u0131r)<\/p>\n<ul>\n<li><strong>Teknik \u00c7erezler\u00a0(Technical Cookies):\u00a0<\/strong>Teknik \u00e7erezler ile sitenin \u00e7al\u0131\u015fmas\u0131 sa\u011flanmakta, Site\u2019nin \u00e7al\u0131\u015fmayan sayfalar\u0131 ve alanlar\u0131 tespit edilmektedir.<\/li>\n<li><strong>Otantikasyon \u00c7erezleri\u00a0(Authentication Cookies):\u00a0<\/strong>Ziyaret\u00e7ilerin, \u015fifrelerini kullanarak siteye giri\u015f yapmalar\u0131 durumunda, bu t\u00fcr \u00e7erezler ile, ziyaret\u00e7inin sitede ziyaret etti\u011fi her bir sayfada site kullan\u0131c\u0131s\u0131 oldu\u011fu belirlenerek, kullan\u0131c\u0131n\u0131n her sayfada \u015fifresini yeniden girmesi \u00f6nlenir.<\/li>\n<li><strong>Flash \u00c7erezleri\u00a0(Flash Cookies):\u00a0<\/strong>Sitede yer alan g\u00f6r\u00fcnt\u00fc veya ses i\u00e7eriklerini etkinle\u015ftirmek i\u00e7in kullan\u0131lan \u00e7erez t\u00fcrleridir.<\/li>\n<li><strong>\u00a0Ki\u015fiselle\u015ftirme \u00c7erezleri\u00a0(Customization Cookies):\u00a0<\/strong>Kullan\u0131c\u0131lar\u0131n tercihlerini farkl\u0131 internet sitesinin farkl\u0131 sayfalar\u0131n\u0131 ziyarette de hat\u0131rlamak i\u00e7in kullan\u0131lan \u00e7erezlerdir. \u00d6rne\u011fin, se\u00e7mi\u015f oldu\u011funuz dil tercihinizin hat\u0131rlanmas\u0131.<\/li>\n<li><strong>Analitik \u00c7erezler\u00a0(Analytical Cookies):\u00a0<\/strong>Analitik \u00e7erezler ile siteyi ziyaret edenlerin say\u0131lar\u0131, sitede g\u00f6r\u00fcnt\u00fclenen sayfalar\u0131n tespiti, aite ziyaret saatleri, site sayfalar\u0131 kayd\u0131rma hareketleri gibi analitik sonu\u00e7lar\u0131n \u00fcretimini sa\u011flayan \u00e7erezlerdir.<\/li>\n<\/ul>\n<h4>Site\u2019de Kullan\u0131lan \u00c7erezlere \u0130li\u015fkin S\u00fcre ve Kullan\u0131m Amac\u0131 Baz\u0131nda Detayl\u0131 Bilgiler<\/h4>\n<h4><strong>Analitik \u00c7erezler<\/strong><\/h4>\n<table>\n<tbody>\n<tr>\n<td><strong>\u00c7erez<\/strong><\/td>\n<td><strong>\u0130sim<\/strong><\/td>\n<td><strong>A\u00e7\u0131klama, S\u00fcre ve Tercihler<\/strong><\/td>\n<\/tr>\n<tr>\n<td><strong>Reklam<\/strong><\/td>\n<td><strong>_gac, _gads<\/strong><\/td>\n<td>Bu \u00e7erezler ayarland\u0131klar\u0131 sitenin d\u0131\u015f\u0131nda bir siteyi ziyaret etti\u011finizde Google taraf\u0131ndan okunamaz. Bu \u00e7erezler, s\u00f6z konusu alan ad\u0131ndaki reklamlara ili\u015fkin etkile\u015fimleri \u00f6l\u00e7me ve ayn\u0131 reklamlar\u0131n size \u00e7ok fazla kez g\u00f6sterilmesini \u00f6nleme gibi ama\u00e7lara hizmet eder. Davran\u0131\u015fsal ve hedef odakl\u0131 reklamlar\u0131n ziyaret\u00e7ilere g\u00f6sterilmesi amac\u0131yla kullan\u0131lmaktad\u0131r.[180 g\u00fcn] Taray\u0131c\u0131 ayarlar\u0131 arac\u0131\u011f\u0131yla kabul etmek ya da reddetmek m\u00fcmk\u00fcnd\u00fcr.<\/td>\n<\/tr>\n<tr>\n<td><strong>Pazar Analizi<\/strong><\/td>\n<td><\/td>\n<td>Pazar analizi y\u00fcr\u00fct\u00fclmesi amac\u0131yla kullan\u0131lmaktad\u0131r. Taray\u0131c\u0131 ayarlar\u0131 arac\u0131\u011f\u0131yla kabul etmek ya da reddetmek m\u00fcmk\u00fcnd\u00fcr.<\/td>\n<\/tr>\n<tr>\n<td><strong>Kampanya\/Promosyon<\/strong><\/td>\n<td><\/td>\n<td>Kampanyalar\u0131n etkisinin hesaplanmas\u0131 i\u00e7in kullan\u0131lmaktad\u0131r. Taray\u0131c\u0131 ayarlar\u0131 arac\u0131\u011f\u0131yla kabul etmek ya da reddetmek m\u00fcmk\u00fcnd\u00fcr.<\/td>\n<\/tr>\n<tr>\n<td><strong>Facebook<\/strong><\/td>\n<td><\/td>\n<td>Bu t\u00fcr \u00e7erezler, Facebook \u00fcyelerinin (veya \u00fcye olmayan ki\u015filerin) pazar analizi ve \u00fcr\u00fcn geli\u015fimi amac\u0131yla izlenmesini sa\u011flar. [180 G\u00fcn ] Taray\u0131c\u0131 ayarlar\u0131 arac\u0131\u011f\u0131yla kabul etmek ya da reddetmek m\u00fcmk\u00fcnd\u00fcr.<\/td>\n<\/tr>\n<tr>\n<td><strong>Twitter<\/strong><\/td>\n<td><\/td>\n<td>Bu t\u00fcr \u00e7erezler, sosyal medya a\u011flar\u0131na \u00fcye olan veya olmayan ki\u015filerin, pazar analizi ve \u00fcr\u00fcn geli\u015fimi amac\u0131yla izlenmesi i\u00e7in kullan\u0131l\u0131r. [180 G\u00fcn] Taray\u0131c\u0131 ayarlar\u0131 arac\u0131\u011f\u0131yla kabul etmek ya da reddetmek m\u00fcmk\u00fcnd\u00fcr.<\/td>\n<\/tr>\n<tr>\n<td><strong>Konum<\/strong><\/td>\n<td><\/td>\n<td>Kullan\u0131c\u0131n\u0131n IP adresi sayesinde yakla\u015f\u0131k adresinin (\u015fehir, il\u00e7e, posta kodu) belirlenmesini ve kullan\u0131c\u0131n\u0131n bu \u015fekilde otomatik olarak kendi \u00fclkesini se\u00e7mesini ve o b\u00f6lgedeki perakendeciler ile tan\u0131t\u0131m g\u00fcnlerinin g\u00f6sterilmesini sa\u011flar.Taray\u0131c\u0131 ayarlar\u0131 arac\u0131\u011f\u0131yla kabul etmek ya da reddetmek m\u00fcmk\u00fcnd\u00fcr.<\/td>\n<\/tr>\n<tr>\n<td><strong>Google Analitikleri<\/strong><\/td>\n<td><\/td>\n<td>Bu t\u00fcr \u00e7erezler t\u00fcm istatistiksel verilerin toplanmas\u0131n\u0131 bu \u015fekilde Sitenin sunumunun ve kullan\u0131m\u0131n\u0131n geli\u015ftirilmesini sa\u011flar. Google, bu istatistiklere toplumsal istatistikler ve ilgilere ili\u015fkin veriler eklemek suretiyle, kullan\u0131c\u0131lar\u0131 daha iyi anlamam\u0131z\u0131 sa\u011flar. Sitemiz, Google Analitik \u00e7erezleri kullanmaktad\u0131r. S\u00f6z konusu \u00e7erezler ile toplanan veriler, ABD\u2019de bulunan Google sunucular\u0131na aktar\u0131lmakta ve s\u00f6z konusu veriler Google\u2019\u0131n veri koruma ilkeleri ile uyumlu olarak muhafaza edilmektedir. Google\u2019\u0131n analitik veri i\u015fleme faaliyetleri ve ki\u015fisel verilerin korunmas\u0131 konusundaki ilkeler hakk\u0131nda daha fazla bilgi sahibi olmak i\u00e7in buraya t\u0131klayabilirsiniz. [180 g\u00fcn(kullan\u0131lan), 720 g\u00fcn(maksimum)] \u00c7erezlerin Kontrol\u00fc <a href=\"https:\/\/tools.qooqle.com\/dlpaqe\/qaoptout\">https:\/\/tools.qooqle.com\/dlpaqe\/qaoptout<\/a><\/td>\n<\/tr>\n<tr>\n<td><strong>Adobe Omniture<\/strong><\/td>\n<td><\/td>\n<td>Bu t\u00fcr \u00e7erezler t\u00fcm istatistiksel verilerin toplanmas\u0131n\u0131 bu \u015fekilde Site\u2019nin sunumunun ve kullan\u0131m\u0131n\u0131n geli\u015ftirilmesini sa\u011flar. Taray\u0131c\u0131 ayarlar\u0131 arac\u0131\u011f\u0131yla kabul etmek ya da reddetmek m\u00fcmk\u00fcnd\u00fcr.<\/td>\n<\/tr>\n<tr>\n<td><strong>Kaynak site<\/strong><\/td>\n<td><\/td>\n<td>Kaynak site kullan\u0131c\u0131lar\u0131n tercihlerini daha iyi anlamak i\u00e7in kullan\u0131l\u0131r. Taray\u0131c\u0131 ayarlar\u0131 arac\u0131\u011f\u0131yla kabul etmek ya da reddetmek m\u00fcmk\u00fcnd\u00fcr.<\/td>\n<\/tr>\n<tr>\n<td><strong>Son ziyaret ve hareket<\/strong><\/td>\n<td><\/td>\n<td>Kullan\u0131c\u0131lar\u0131n Site\u2019yi son ziyaretlerinden itibaren neler de\u011fi\u015fti\u011fine ili\u015fkin g\u00fcncellemelerde bulunmak ve kullan\u0131c\u0131lar\u0131n tercihlerini daha iyi anlamak i\u00e7in kullan\u0131l\u0131r. Taray\u0131c\u0131 ayarlar\u0131 arac\u0131\u011f\u0131yla kabul etmek ya da reddetmek m\u00fcmk\u00fcnd\u00fcr.<\/td>\n<\/tr>\n<tr>\n<td><strong>Son zamanlarda izlenen videolar<\/strong><\/td>\n<td><\/td>\n<td>Son zamanlarda izlenen videolar\u0131n izlenme tarihleri ve ba\u015fl\u0131klar\u0131, kullan\u0131c\u0131n\u0131n tercihlerinin daha iyi anla\u015f\u0131labilmesi i\u00e7in kaydedilir. Taray\u0131c\u0131 ayarlar\u0131 arac\u0131\u011f\u0131yla kabul etmek ya da reddetmek m\u00fcmk\u00fcnd\u00fcr.<\/td>\n<\/tr>\n<tr>\n<td><strong>Sayfa Ge\u00e7mi\u015fi<\/strong><\/td>\n<td><\/td>\n<td>Sayfa ge\u00e7mi\u015fi \u00e7erezleri, kullan\u0131c\u0131lar\u0131n hangi s\u0131rayla hangi siteleri ziyaret etti\u011fini takip etmek i\u00e7in kullan\u0131l\u0131r. E\u011fer kullan\u0131c\u0131 siteyi ziyaret etti\u011finde bir hatayla kar\u015f\u0131la\u015f\u0131rsa, \u00e7erez bilgisi hatan\u0131n raporlanmas\u0131 ve \u00e7\u00f6z\u00fcm\u00fc i\u00e7in log dosyas\u0131na kaydolur. Taray\u0131c\u0131 ayarlar\u0131 arac\u0131\u011f\u0131yla kabul etmek ya da reddetmek m\u00fcmk\u00fcnd\u00fcr.<\/td>\n<\/tr>\n<\/tbody>\n<\/table>\n<h4><strong>Teknik \u00c7erezler<\/strong><\/h4>\n<table>\n<tbody>\n<tr>\n<td><strong>\u00c7erez<\/strong><\/td>\n<td><strong>\u0130sim<\/strong><\/td>\n<td><strong>A\u00e7\u0131klama, S\u00fcre ve Tercihler<\/strong><\/td>\n<\/tr>\n<tr>\n<td><strong>Oturum<\/strong><\/td>\n<td><strong>ASP.NET Session ID<\/strong><\/td>\n<td>Oturum \u00e7erezleri oturumun s\u00fcreklili\u011finin sa\u011flanmas\u0131 amac\u0131yla kullan\u0131l\u0131r. ASP.NET Session ID \u2013 20 Dk. Default s\u00fcresi bulunur. Taray\u0131c\u0131 ayarlar\u0131 arac\u0131\u011f\u0131yla kabul etmek ya da reddetmek m\u00fcmk\u00fcnd\u00fcr.<\/td>\n<\/tr>\n<tr>\n<td><strong>Y\u00fck Dengeleme<\/strong><\/td>\n<td><\/td>\n<td>Y\u00fck dengeleme \u00e7erezleri, y\u00fck\u00fc da\u011f\u0131tarak sunucu y\u00fck\u00fcn\u00fc azaltmak i\u00e7in kullan\u0131l\u0131r.\u00a0\u00a0Taray\u0131c\u0131 ayarlar\u0131 arac\u0131\u011f\u0131yla kabul etmek ya da reddetmek m\u00fcmk\u00fcnd\u00fcr.<\/td>\n<\/tr>\n<tr>\n<td><strong>G\u00fcvenlik<\/strong><\/td>\n<td><strong>Aktivasyon \u00e7erezleri<\/strong><\/td>\n<td>G\u00fcvenlik \u00e7erezleri, g\u00fcvenlik kontrolleri i\u00e7in kullan\u0131l\u0131r.\u00a0Taray\u0131c\u0131 ayarlar\u0131 arac\u0131\u011f\u0131yla kabul etmek ya da reddetmek m\u00fcmk\u00fcnd\u00fcr.<\/td>\n<\/tr>\n<tr>\n<td><strong>Doland\u0131r\u0131c\u0131l\u0131k\u00a0Tespiti<\/strong><\/td>\n<td><\/td>\n<td>T\u0131klama hilelerinin tespit edilmesi i\u00e7in kullan\u0131lmaktad\u0131r.\u00a0Taray\u0131c\u0131 ayarlar\u0131 arac\u0131\u011f\u0131yla kabul etmek ya da reddetmek m\u00fcmk\u00fcnd\u00fcr.<\/td>\n<\/tr>\n<\/tbody>\n<\/table>\n<h4><strong>Otantikasyon \u00c7erezler<\/strong><\/h4>\n<table>\n<tbody>\n<tr>\n<td><strong>\u00c7erez<\/strong><\/td>\n<td><strong>\u0130sim<\/strong><\/td>\n<td><strong>A\u00e7\u0131klama, S\u00fcre ve Tercihler<\/strong><\/td>\n<\/tr>\n<tr>\n<td><strong>Kullan\u0131c\u0131 Kimli\u011fi<\/strong><\/td>\n<td><strong>ASPXAUTH\u00a0User Roles<\/strong><\/td>\n<td>Kullan\u0131c\u0131 kimli\u011fi \u00e7erezler, kullan\u0131c\u0131lar\u0131n yaln\u0131zca kendi bilgilerini g\u00f6rmeleri i\u00e7in kullan\u0131l\u0131r.<\/p>\n<ul>\n<li>ASPXAUTH \u2013 Beni Hat\u0131rla i\u015faretlediyse 20 g\u00fcn<\/li>\n<li>Beni Hat\u0131rla i\u015faretlemediyse 30 Dk.<\/li>\n<li>Login \u0130\u015flemleri ve \u00dcyelik Bilgilerinin Tutulmas\u0131<\/li>\n<li>User Roles \u2013 Beni Hat\u0131rla i\u015faretlediyse 20 g\u00fcn<\/li>\n<li>\u0130\u015faretlemediyse 30 Dk Kullan\u0131c\u0131 rollerine ait bilgilerin tutuldu\u011fu cookie<\/li>\n<\/ul>\n<p>Taray\u0131c\u0131 ayarlar\u0131 arac\u0131\u011f\u0131yla kabul etmek ya da reddetmek m\u00fcmk\u00fcnd\u00fcr.<\/td>\n<\/tr>\n<\/tbody>\n<\/table>\n<h4><strong>Ki\u015fiselle\u015ftirme \u00c7erezler<\/strong><\/h4>\n<table>\n<tbody>\n<tr>\n<td><strong>\u00c7erez<\/strong><\/td>\n<td><strong>\u0130sim<\/strong><\/td>\n<td><strong>A\u00e7\u0131klama, S\u00fcre ve Tercihler<\/strong><\/td>\n<\/tr>\n<tr>\n<td><strong>Dil<\/strong><\/td>\n<td><\/td>\n<td>Kullan\u0131c\u0131n\u0131n se\u00e7ti\u011fi dili kaydeder ve buna uygun se\u00e7enekler sunar. Taray\u0131c\u0131 ayarlar\u0131 arac\u0131\u011f\u0131yla kabul etmek ya da reddetmek m\u00fcmk\u00fcnd\u00fcr.<\/td>\n<\/tr>\n<tr>\n<td><strong>Mobil<\/strong><\/td>\n<td><\/td>\n<td>E\u011fer kullan\u0131c\u0131 siteyi mobil bir cihazdan ziyaret ediyorsa, ana web sitesini g\u00f6stermek i\u00e7in kullan\u0131l\u0131r. (\u00d6rne\u011fin; cihaz\u0131n Flash\u2019\u0131 etkinle\u015ftirdi\u011fi), ya da Flash\u2019a ihtiya\u00e7 duymayan bir mobil sitede oldu\u011funu. Kaynak site kullan\u0131c\u0131n\u0131n tercihlerinin daha iyi anla\u015f\u0131labilmesi i\u00e7in kaydedilir.<br \/>\n[364 G\u00fcn Ge\u00e7erlilik S\u00fcresi]\u00a0Taray\u0131c\u0131 ayarlar\u0131 arac\u0131\u011f\u0131yla kabul etmek ya da reddetmek m\u00fcmk\u00fcnd\u00fcr.<\/td>\n<\/tr>\n<\/tbody>\n<\/table>\n<h4><strong>Flash \u00c7erezler<\/strong><\/h4>\n<table>\n<tbody>\n<tr>\n<td><strong>\u00c7erez<\/strong><\/td>\n<td><strong>\u0130sim<\/strong><\/td>\n<td><strong>A\u00e7\u0131klama, S\u00fcre ve Tercihler<\/strong><\/td>\n<\/tr>\n<tr>\n<td><strong>Flash \u00e7erezleri<\/strong><\/td>\n<td><\/td>\n<td>Oynat\u0131lacak ses ve video i\u00e7eriklerini etkinle\u015ftirir. [364 G\u00fcn Ge\u00e7erlilik S\u00fcresi] Taray\u0131c\u0131 ayarlar\u0131 arac\u0131\u011f\u0131yla kabul etmek ya da reddetmek m\u00fcmk\u00fcnd\u00fcr.<\/td>\n<\/tr>\n<\/tbody>\n<\/table>\n<p><strong>\u00c7erezlerin Kullan\u0131m\u0131 Veri Sahipleri Taraf\u0131ndan Engellenebilir mi?<\/strong><\/p>\n<p>Taray\u0131c\u0131n\u0131z\u0131n ayarlar\u0131n\u0131 de\u011fi\u015ftirerek \u00e7erezlere ili\u015fkin tercihlerinizi ki\u015fiselle\u015ftirme imkan\u0131na sahipsiniz.<\/p>\n","protected":false},"excerpt":{"rendered":"<p>www.hilalun.com.tr den (\u201cSite\u201d) en verimli \u015fekilde faydalanabilmeniz ve kullan\u0131c\u0131 deneyiminizi geli\u015ftirebilmek i\u00e7in \u00c7erezleri (Cookie) kullan\u0131yoruz. \u00c7erezlerin kullan\u0131lmas\u0131n\u0131 tercih etmezseniz taray\u0131c\u0131n\u0131z\u0131n ayarlar\u0131ndan \u00c7erezleri silebilir ya da engelleyebilirsiniz. Ancak bunun Site\u2019yi kullan\u0131m\u0131n\u0131z\u0131 etkileyebilece\u011fini hat\u0131rlatmak isteriz. Taray\u0131c\u0131n\u0131zdan \u00c7erez ayarlar\u0131n\u0131z\u0131 de\u011fi\u015ftirmedi\u011finiz s\u00fcrece bu sitede \u00c7erez kullan\u0131m\u0131n\u0131 kabul etti\u011finizi varsayaca\u011f\u0131z. \u00c7erez Nedir ve Neden Kullan\u0131lmaktad\u0131r? \u00c7erezler, ziyaret etti\u011finiz internet siteleri [&hellip;]<\/p>\n","protected":false},"author":1,"featured_media":0,"parent":0,"menu_order":0,"comment_status":"closed","ping_status":"closed","template":"","meta":[],"_links":{"self":[{"href":"https:\/\/www.hilalun.com.tr\/index.php\/wp-json\/wp\/v2\/pages\/319"}],"collection":[{"href":"https:\/\/www.hilalun.com.tr\/index.php\/wp-json\/wp\/v2\/pages"}],"about":[{"href":"https:\/\/www.hilalun.com.tr\/index.php\/wp-json\/wp\/v2\/types\/page"}],"author":[{"embeddable":true,"href":"https:\/\/www.hilalun.com.tr\/index.php\/wp-json\/wp\/v2\/users\/1"}],"replies":[{"embeddable":true,"href":"https:\/\/www.hilalun.com.tr\/index.php\/wp-json\/wp\/v2\/comments?post=319"}],"version-history":[{"count":1,"href":"https:\/\/www.hilalun.com.tr\/index.php\/wp-json\/wp\/v2\/pages\/319\/revisions"}],"predecessor-version":[{"id":320,"href":"https:\/\/www.hilalun.com.tr\/index.php\/wp-json\/wp\/v2\/pages\/319\/revisions\/320"}],"wp:attachment":[{"href":"https:\/\/www.hilalun.com.tr\/index.php\/wp-json\/wp\/v2\/media?parent=319"}],"curies":[{"name":"wp","href":"https:\/\/api.w.org\/{rel}","templated":true}]}}