{"id":406,"date":"2020-03-01T13:09:38","date_gmt":"2020-03-01T10:09:38","guid":{"rendered":"https:\/\/www.hilalun.com.tr\/?page_id=406"},"modified":"2020-03-01T13:51:14","modified_gmt":"2020-03-01T10:51:14","slug":"karafirin","status":"publish","type":"page","link":"https:\/\/www.hilalun.com.tr\/index.php\/karafirin\/","title":{"rendered":"Karaf\u0131r\u0131n"},"content":{"rendered":"<p><img loading=\"lazy\" class=\"alignnone size-medium wp-image-431\" src=\"https:\/\/www.hilalun.com.tr\/wp-content\/uploads\/2020\/03\/karaf\u0131r\u0131nl\u0131k-50-kg-187x300.jpg\" alt=\"\" width=\"187\" height=\"300\" srcset=\"https:\/\/www.hilalun.com.tr\/wp-content\/uploads\/2020\/03\/karaf\u0131r\u0131nl\u0131k-50-kg-187x300.jpg 187w, https:\/\/www.hilalun.com.tr\/wp-content\/uploads\/2020\/03\/karaf\u0131r\u0131nl\u0131k-50-kg-639x1024.jpg 639w, https:\/\/www.hilalun.com.tr\/wp-content\/uploads\/2020\/03\/karaf\u0131r\u0131nl\u0131k-50-kg-768x1232.jpg 768w, https:\/\/www.hilalun.com.tr\/wp-content\/uploads\/2020\/03\/karaf\u0131r\u0131nl\u0131k-50-kg-958x1536.jpg 958w, https:\/\/www.hilalun.com.tr\/wp-content\/uploads\/2020\/03\/karaf\u0131r\u0131nl\u0131k-50-kg-1277x2048.jpg 1277w, https:\/\/www.hilalun.com.tr\/wp-content\/uploads\/2020\/03\/karaf\u0131r\u0131nl\u0131k-50-kg-scaled.jpg 1596w\" sizes=\"(max-width: 187px) 100vw, 187px\" \/><\/p>\n","protected":false},"excerpt":{"rendered":"","protected":false},"author":1,"featured_media":0,"parent":0,"menu_order":0,"comment_status":"closed","ping_status":"closed","template":"","meta":[],"_links":{"self":[{"href":"https:\/\/www.hilalun.com.tr\/index.php\/wp-json\/wp\/v2\/pages\/406"}],"collection":[{"href":"https:\/\/www.hilalun.com.tr\/index.php\/wp-json\/wp\/v2\/pages"}],"about":[{"href":"https:\/\/www.hilalun.com.tr\/index.php\/wp-json\/wp\/v2\/types\/page"}],"author":[{"embeddable":true,"href":"https:\/\/www.hilalun.com.tr\/index.php\/wp-json\/wp\/v2\/users\/1"}],"replies":[{"embeddable":true,"href":"https:\/\/www.hilalun.com.tr\/index.php\/wp-json\/wp\/v2\/comments?post=406"}],"version-history":[{"count":2,"href":"https:\/\/www.hilalun.com.tr\/index.php\/wp-json\/wp\/v2\/pages\/406\/revisions"}],"predecessor-version":[{"id":450,"href":"https:\/\/www.hilalun.com.tr\/index.php\/wp-json\/wp\/v2\/pages\/406\/revisions\/450"}],"wp:attachment":[{"href":"https:\/\/www.hilalun.com.tr\/index.php\/wp-json\/wp\/v2\/media?parent=406"}],"curies":[{"name":"wp","href":"https:\/\/api.w.org\/{rel}","templated":true}]}}